{"id":2590,"date":"2016-09-01T10:52:44","date_gmt":"2016-09-01T08:52:44","guid":{"rendered":"http:\/\/demo.goodlayers.com\/realfactory\/?page_id=2590"},"modified":"2025-04-03T08:21:02","modified_gmt":"2025-04-03T06:21:02","slug":"montazne-hise","status":"publish","type":"page","link":"https:\/\/stecohise.si\/bs\/montazne-hise\/","title":{"rendered":"MONTA\u017dNE HI\u0160E"},"content":{"rendered":"<p>MONTA\u017dNE HI\u0160E<\/p>\n","protected":false},"excerpt":{"rendered":"<p>MONTA\u017dNE HI\u0160E<\/p>\n","protected":false},"author":5,"featured_media":9242,"parent":0,"menu_order":0,"comment_status":"closed","ping_status":"closed","template":"","meta":{"footnotes":""},"class_list":["post-2590","page","type-page","status-publish","has-post-thumbnail","hentry"],"_links":{"self":[{"href":"https:\/\/stecohise.si\/bs\/wp-json\/wp\/v2\/pages\/2590","targetHints":{"allow":["GET"]}}],"collection":[{"href":"https:\/\/stecohise.si\/bs\/wp-json\/wp\/v2\/pages"}],"about":[{"href":"https:\/\/stecohise.si\/bs\/wp-json\/wp\/v2\/types\/page"}],"author":[{"embeddable":true,"href":"https:\/\/stecohise.si\/bs\/wp-json\/wp\/v2\/users\/5"}],"replies":[{"embeddable":true,"href":"https:\/\/stecohise.si\/bs\/wp-json\/wp\/v2\/comments?post=2590"}],"version-history":[{"count":5,"href":"https:\/\/stecohise.si\/bs\/wp-json\/wp\/v2\/pages\/2590\/revisions"}],"predecessor-version":[{"id":10128,"href":"https:\/\/stecohise.si\/bs\/wp-json\/wp\/v2\/pages\/2590\/revisions\/10128"}],"wp:featuredmedia":[{"embeddable":true,"href":"https:\/\/stecohise.si\/bs\/wp-json\/wp\/v2\/media\/9242"}],"wp:attachment":[{"href":"https:\/\/stecohise.si\/bs\/wp-json\/wp\/v2\/media?parent=2590"}],"curies":[{"name":"wp","href":"https:\/\/api.w.org\/{rel}","templated":true}]}}