{"id":6507,"date":"2022-12-19T20:10:37","date_gmt":"2022-12-19T19:10:37","guid":{"rendered":"https:\/\/stecohise.si\/?page_id=6507"},"modified":"2025-04-03T08:29:54","modified_gmt":"2025-04-03T06:29:54","slug":"ekoloska-rjesenja","status":"publish","type":"page","link":"https:\/\/stecohise.si\/de\/ekoloska-rjesenja\/","title":{"rendered":"EKOLO\u0160KA RJE\u0160ENJA"},"content":{"rendered":"<p>EKOLO\u0160KA RJE\u0160ENJA<\/p>","protected":false},"excerpt":{"rendered":"<p>EKOLO\u0160KA RJE\u0160ENJA<\/p>","protected":false},"author":5,"featured_media":0,"parent":0,"menu_order":0,"comment_status":"closed","ping_status":"closed","template":"","meta":{"footnotes":""},"class_list":["post-6507","page","type-page","status-publish","hentry"],"_links":{"self":[{"href":"https:\/\/stecohise.si\/de\/wp-json\/wp\/v2\/pages\/6507","targetHints":{"allow":["GET"]}}],"collection":[{"href":"https:\/\/stecohise.si\/de\/wp-json\/wp\/v2\/pages"}],"about":[{"href":"https:\/\/stecohise.si\/de\/wp-json\/wp\/v2\/types\/page"}],"author":[{"embeddable":true,"href":"https:\/\/stecohise.si\/de\/wp-json\/wp\/v2\/users\/5"}],"replies":[{"embeddable":true,"href":"https:\/\/stecohise.si\/de\/wp-json\/wp\/v2\/comments?post=6507"}],"version-history":[{"count":1,"href":"https:\/\/stecohise.si\/de\/wp-json\/wp\/v2\/pages\/6507\/revisions"}],"predecessor-version":[{"id":10129,"href":"https:\/\/stecohise.si\/de\/wp-json\/wp\/v2\/pages\/6507\/revisions\/10129"}],"wp:attachment":[{"href":"https:\/\/stecohise.si\/de\/wp-json\/wp\/v2\/media?parent=6507"}],"curies":[{"name":"wp","href":"https:\/\/api.w.org\/{rel}","templated":true}]}}