{"id":6517,"date":"2022-12-19T18:58:41","date_gmt":"2022-12-19T17:58:41","guid":{"rendered":"https:\/\/stecohise.si\/tehnologija-2\/"},"modified":"2024-05-27T08:13:19","modified_gmt":"2024-05-27T06:13:19","slug":"protivpozarna-rjesenja","status":"publish","type":"page","link":"https:\/\/stecohise.si\/de\/protivpozarna-rjesenja\/","title":{"rendered":"PROTIVPO\u017dARNA RJE\u0160ENJA"},"content":{"rendered":"<p>PROTIVPO\u017dARNA RJE\u0160ENJA<\/p>","protected":false},"excerpt":{"rendered":"<p>PROTIVPO\u017dARNA RJE\u0160ENJA<\/p>","protected":false},"author":5,"featured_media":0,"parent":0,"menu_order":0,"comment_status":"closed","ping_status":"closed","template":"","meta":{"footnotes":""},"class_list":["post-6517","page","type-page","status-publish","hentry"],"_links":{"self":[{"href":"https:\/\/stecohise.si\/de\/wp-json\/wp\/v2\/pages\/6517","targetHints":{"allow":["GET"]}}],"collection":[{"href":"https:\/\/stecohise.si\/de\/wp-json\/wp\/v2\/pages"}],"about":[{"href":"https:\/\/stecohise.si\/de\/wp-json\/wp\/v2\/types\/page"}],"author":[{"embeddable":true,"href":"https:\/\/stecohise.si\/de\/wp-json\/wp\/v2\/users\/5"}],"replies":[{"embeddable":true,"href":"https:\/\/stecohise.si\/de\/wp-json\/wp\/v2\/comments?post=6517"}],"version-history":[{"count":0,"href":"https:\/\/stecohise.si\/de\/wp-json\/wp\/v2\/pages\/6517\/revisions"}],"wp:attachment":[{"href":"https:\/\/stecohise.si\/de\/wp-json\/wp\/v2\/media?parent=6517"}],"curies":[{"name":"wp","href":"https:\/\/api.w.org\/{rel}","templated":true}]}}