{"id":6309,"date":"2022-12-19T12:59:08","date_gmt":"2022-12-19T11:59:08","guid":{"rendered":"https:\/\/stecohise.si\/?page_id=6309"},"modified":"2025-02-14T07:57:05","modified_gmt":"2025-02-14T06:57:05","slug":"galerija-montaznih-kuca","status":"publish","type":"page","link":"https:\/\/stecohise.si\/fr\/galerija-montaznih-kuca\/","title":{"rendered":"GALERIJA MONTA\u017dNIH KU\u0106A"},"content":{"rendered":"<p>GALERIJA MONTA\u017dNIH KU\u0106A<\/p>","protected":false},"excerpt":{"rendered":"<p>GALERIJA MONTA\u017dNIH KU\u0106A<\/p>","protected":false},"author":5,"featured_media":9405,"parent":0,"menu_order":0,"comment_status":"closed","ping_status":"closed","template":"","meta":{"footnotes":""},"class_list":["post-6309","page","type-page","status-publish","has-post-thumbnail","hentry"],"_links":{"self":[{"href":"https:\/\/stecohise.si\/fr\/wp-json\/wp\/v2\/pages\/6309","targetHints":{"allow":["GET"]}}],"collection":[{"href":"https:\/\/stecohise.si\/fr\/wp-json\/wp\/v2\/pages"}],"about":[{"href":"https:\/\/stecohise.si\/fr\/wp-json\/wp\/v2\/types\/page"}],"author":[{"embeddable":true,"href":"https:\/\/stecohise.si\/fr\/wp-json\/wp\/v2\/users\/5"}],"replies":[{"embeddable":true,"href":"https:\/\/stecohise.si\/fr\/wp-json\/wp\/v2\/comments?post=6309"}],"version-history":[{"count":5,"href":"https:\/\/stecohise.si\/fr\/wp-json\/wp\/v2\/pages\/6309\/revisions"}],"predecessor-version":[{"id":9882,"href":"https:\/\/stecohise.si\/fr\/wp-json\/wp\/v2\/pages\/6309\/revisions\/9882"}],"wp:featuredmedia":[{"embeddable":true,"href":"https:\/\/stecohise.si\/fr\/wp-json\/wp\/v2\/media\/9405"}],"wp:attachment":[{"href":"https:\/\/stecohise.si\/fr\/wp-json\/wp\/v2\/media?parent=6309"}],"curies":[{"name":"wp","href":"https:\/\/api.w.org\/{rel}","templated":true}]}}