{"id":7441,"date":"2022-12-24T22:09:13","date_gmt":"2022-12-24T21:09:13","guid":{"rendered":"https:\/\/stecohise.si\/?page_id=7441"},"modified":"2024-05-27T08:10:16","modified_gmt":"2024-05-27T06:10:16","slug":"montazne-kuce-eu","status":"publish","type":"page","link":"https:\/\/stecohise.si\/fr\/montazne-kuce-eu\/","title":{"rendered":"MONTA\u017dNE KU\u0106E EU"},"content":{"rendered":"<p>MONTA\u017dNE KU\u0106E<\/p>","protected":false},"excerpt":{"rendered":"<p>MONTA\u017dNE KU\u0106E<\/p>","protected":false},"author":5,"featured_media":0,"parent":0,"menu_order":0,"comment_status":"closed","ping_status":"closed","template":"","meta":{"footnotes":""},"class_list":["post-7441","page","type-page","status-publish","hentry"],"_links":{"self":[{"href":"https:\/\/stecohise.si\/fr\/wp-json\/wp\/v2\/pages\/7441","targetHints":{"allow":["GET"]}}],"collection":[{"href":"https:\/\/stecohise.si\/fr\/wp-json\/wp\/v2\/pages"}],"about":[{"href":"https:\/\/stecohise.si\/fr\/wp-json\/wp\/v2\/types\/page"}],"author":[{"embeddable":true,"href":"https:\/\/stecohise.si\/fr\/wp-json\/wp\/v2\/users\/5"}],"replies":[{"embeddable":true,"href":"https:\/\/stecohise.si\/fr\/wp-json\/wp\/v2\/comments?post=7441"}],"version-history":[{"count":0,"href":"https:\/\/stecohise.si\/fr\/wp-json\/wp\/v2\/pages\/7441\/revisions"}],"wp:attachment":[{"href":"https:\/\/stecohise.si\/fr\/wp-json\/wp\/v2\/media?parent=7441"}],"curies":[{"name":"wp","href":"https:\/\/api.w.org\/{rel}","templated":true}]}}